{"id":491,"date":"2024-08-16T17:13:32","date_gmt":"2024-08-16T15:13:32","guid":{"rendered":"https:\/\/www.intelligente-bewaesserung.de\/jardins-et-parterres\/"},"modified":"2024-09-06T19:30:36","modified_gmt":"2024-09-06T17:30:36","slug":"jardins-et-parterres","status":"publish","type":"page","link":"https:\/\/www.intelligente-bewaesserung.de\/fr\/jardins-et-parterres\/","title":{"rendered":"Jardins et parterres"},"content":{"rendered":"\n<p class=\"has-text-align-center\"><strong>\u00ab\u00a0D\u00e9couvrez la solution irrigation.cloud, parfaitement adapt\u00e9e aux besoins sp\u00e9cifiques de votre jardin. Que vous disposiez d&rsquo;une petite surface r\u00e9serv\u00e9e aux plantes ou d&rsquo;une surface plus grande avec une pelouse, des haies et un potager, nous avons d\u00e9j\u00e0 la solution id\u00e9ale pour vous. Gr\u00e2ce \u00e0 nos syst\u00e8mes de contr\u00f4le de l&rsquo;irrigation et \u00e0 nos capteurs avanc\u00e9s qui mesurent l&rsquo;humidit\u00e9 du sol ou le niveau d&rsquo;eau dans votre citerne, vous pouvez optimiser l&rsquo;irrigation et r\u00e9duire efficacement la consommation d&rsquo;eau\u00a0\u00bb.<\/strong><\/p>\n\n<div class=\"wp-block-group has-global-padding is-layout-constrained wp-block-group-is-layout-constrained\">\n<div class=\"wp-block-columns is-layout-flex wp-container-core-columns-is-layout-28f84493 wp-block-columns-is-layout-flex\">\n<div class=\"wp-block-column is-layout-flow wp-block-column-is-layout-flow\">\n<div class=\"wp-block-group has-global-padding is-layout-constrained wp-block-group-is-layout-constrained\">\n<figure class=\"wp-block-image aligncenter size-full is-resized\"><img loading=\"lazy\" decoding=\"async\" width=\"250\" height=\"253\" src=\"https:\/\/www.intelligente-bewaesserung.de\/wp-content\/uploads\/rasen-pikto.png\" alt=\"\" class=\"wp-image-249\" style=\"object-fit:cover;width:120px;height:120px\"\/><\/figure>\n\n\n\n<h4 class=\"wp-block-heading has-text-align-center\">GAZON<\/h4>\n\n\n\n<p class=\"has-text-align-center\">L&rsquo;installation d&rsquo;un arrosage intelligent permet d&rsquo;\u00e9conomiser du temps et de l&rsquo;eau.\nL&rsquo;arrosage se fait automatiquement et toujours au bon moment.   <\/p>\n<\/div>\n<\/div>\n\n\n\n<div class=\"wp-block-column is-layout-flow wp-block-column-is-layout-flow\">\n<div class=\"wp-block-group has-global-padding is-layout-constrained wp-block-group-is-layout-constrained\">\n<figure class=\"wp-block-image aligncenter size-full is-resized\"><img loading=\"lazy\" decoding=\"async\" width=\"250\" height=\"253\" src=\"https:\/\/www.intelligente-bewaesserung.de\/wp-content\/uploads\/beet-pikto.png\" alt=\"\" class=\"wp-image-245\" style=\"object-fit:cover;width:120px;height:120px\"\/><\/figure>\n\n\n\n<h4 class=\"wp-block-heading has-text-align-center\">JARDIN<\/h4>\n\n\n\n<p class=\"has-text-align-center\">Un simple syst\u00e8me d&rsquo;arrosage intelligent avec des tuyaux de goutte-\u00e0-goutte de diff\u00e9rentes \u00e9paisseurs permet de fournir de l&rsquo;eau de mani\u00e8re efficace et \u00e9conomique \u00e0 vos plates-bandes de fleurs ou de l\u00e9gumes.<\/p>\n<\/div>\n<\/div>\n\n\n\n<div class=\"wp-block-column is-layout-flow wp-block-column-is-layout-flow\">\n<div class=\"wp-block-group has-global-padding is-layout-constrained wp-block-group-is-layout-constrained\">\n<figure class=\"wp-block-image aligncenter size-full is-resized\"><img loading=\"lazy\" decoding=\"async\" width=\"250\" height=\"253\" src=\"https:\/\/www.intelligente-bewaesserung.de\/wp-content\/uploads\/hilfsbereit.png\" alt=\"\" class=\"wp-image-63\" style=\"object-fit:cover;width:120px;height:120px\"\/><\/figure>\n\n\n\n<h4 class=\"wp-block-heading has-text-align-center\">ASSISTANCE<\/h4>\n\n\n\n<p class=\"has-text-align-center\">Profitez de l&rsquo;assistance client\u00e8le de nos sp\u00e9cialistes, qui<br\/>vous apportent conseils, solutions professionnelles et vid\u00e9os explicatives<br\/>.<\/p>\n\n\n\n<p class=\"has-text-align-center\"><\/p>\n<\/div>\n<\/div>\n<\/div>\n<\/div>\n\n<p class=\"has-text-align-center\"><strong>IRRIGATION.CLOUD &#8211; PRODUITS POUR UN JARDIN INTELLIGENT<\/strong><\/p>\n\n<div class=\"wp-block-cb-carousel cb-single-slide\" data-slick=\"{&quot;slidesToShow&quot;:1,&quot;slidesToScroll&quot;:1,&quot;speed&quot;:300,&quot;arrows&quot;:true,&quot;dots&quot;:true,&quot;autoplay&quot;:false,&quot;autoplaySpeed&quot;:3000,&quot;infinite&quot;:false,&quot;responsive&quot;:[{&quot;breakpoint&quot;:769,&quot;settings&quot;:{&quot;slidesToShow&quot;:1,&quot;slidesToScroll&quot;:1}}]}\">\n<div class=\"wp-block-cb-slide\">\n<div class=\"wp-block-columns are-vertically-aligned-center is-layout-flex wp-container-core-columns-is-layout-28f84493 wp-block-columns-is-layout-flex\">\n<div class=\"wp-block-column is-vertically-aligned-center is-layout-flow wp-block-column-is-layout-flow\">\n<figure class=\"wp-block-image aligncenter size-full\"><img loading=\"lazy\" decoding=\"async\" width=\"500\" height=\"500\" src=\"https:\/\/www.intelligente-bewaesserung.de\/wp-content\/uploads\/v-box-wifi-controller-i.png\" alt=\"\" class=\"wp-image-124\" srcset=\"https:\/\/www.intelligente-bewaesserung.de\/wp-content\/uploads\/v-box-wifi-controller-i.png 500w, https:\/\/www.intelligente-bewaesserung.de\/wp-content\/uploads\/v-box-wifi-controller-i-300x300.png 300w, https:\/\/www.intelligente-bewaesserung.de\/wp-content\/uploads\/v-box-wifi-controller-i-150x150.png 150w\" sizes=\"auto, (max-width: 500px) 100vw, 500px\" \/><\/figure>\n<\/div>\n\n\n\n<div class=\"wp-block-column is-vertically-aligned-center is-layout-flow wp-block-column-is-layout-flow\">\n<p><strong>1. contr\u00f4leur VBox WiFi<\/strong><br\/><br\/><strong>VBOX<\/strong>: Le contr\u00f4leur irrigation<strong>.cloud<\/strong> WiFi VBox offre une solution avanc\u00e9e pour contr\u00f4ler votre syst\u00e8me d&rsquo;irrigation.\nGr\u00e2ce \u00e0 sa polyvalence et \u00e0 ses fonctionnalit\u00e9s intelligentes, il constitue le c\u0153ur de votre syst\u00e8me d&rsquo;irrigation. <\/p>\n\n\n\n<p><a href=\"https:\/\/shop.irrigation.cloud\/V-Box-Wifi-Controller\/I-C-V24AC-W\">https:\/\/shop.irrigation.cloud\/V-Box-Wifi-Controller\/I-C-V24AC-W<\/a><\/p>\n<\/div>\n<\/div>\n<\/div>\n\n\n\n<div class=\"wp-block-cb-slide\">\n<div class=\"wp-block-columns are-vertically-aligned-center is-layout-flex wp-container-core-columns-is-layout-28f84493 wp-block-columns-is-layout-flex\">\n<div class=\"wp-block-column is-vertically-aligned-center is-layout-flow wp-block-column-is-layout-flow\">\n<figure class=\"wp-block-image size-full\"><img loading=\"lazy\" decoding=\"async\" width=\"500\" height=\"500\" src=\"https:\/\/www.intelligente-bewaesserung.de\/wp-content\/uploads\/steuerung-i2.png\" alt=\"\" class=\"wp-image-134\" srcset=\"https:\/\/www.intelligente-bewaesserung.de\/wp-content\/uploads\/steuerung-i2.png 500w, https:\/\/www.intelligente-bewaesserung.de\/wp-content\/uploads\/steuerung-i2-300x300.png 300w, https:\/\/www.intelligente-bewaesserung.de\/wp-content\/uploads\/steuerung-i2-150x150.png 150w\" sizes=\"auto, (max-width: 500px) 100vw, 500px\" \/><\/figure>\n<\/div>\n\n\n\n<div class=\"wp-block-column is-vertically-aligned-center is-layout-flow wp-block-column-is-layout-flow\">\n<p><strong>2. minuterie de tuyau<\/strong><\/p>\n\n\n\n<p>Pour l&rsquo;arrosage du jardin, compatible avec smart home , alexa et IFTTTT<\/p>\n\n\n\n<p><a href=\"https:\/\/shop.irrigation.cloud\/Bewaesserungscontroller-mit-Wifi-Hub-App-Steuerung\/I-C-S-WT\">https:\/\/shop.irrigation.cloud\/Bewaesserungscontroller-mit-Wifi-Hub-App-Steuerung\/I-C-S-WT<\/a><\/p>\n<\/div>\n<\/div>\n<\/div>\n\n\n\n<div class=\"wp-block-cb-slide\">\n<div class=\"wp-block-columns are-vertically-aligned-center is-layout-flex wp-container-core-columns-is-layout-28f84493 wp-block-columns-is-layout-flex\">\n<div class=\"wp-block-column is-vertically-aligned-center is-layout-flow wp-block-column-is-layout-flow\">\n<figure class=\"wp-block-image aligncenter size-full\"><img loading=\"lazy\" decoding=\"async\" width=\"500\" height=\"500\" src=\"https:\/\/www.intelligente-bewaesserung.de\/wp-content\/uploads\/outdoor-gateway-i2.png\" alt=\"\" class=\"wp-image-133\" srcset=\"https:\/\/www.intelligente-bewaesserung.de\/wp-content\/uploads\/outdoor-gateway-i2.png 500w, https:\/\/www.intelligente-bewaesserung.de\/wp-content\/uploads\/outdoor-gateway-i2-300x300.png 300w, https:\/\/www.intelligente-bewaesserung.de\/wp-content\/uploads\/outdoor-gateway-i2-150x150.png 150w\" sizes=\"auto, (max-width: 500px) 100vw, 500px\" \/><\/figure>\n<\/div>\n\n\n\n<div class=\"wp-block-column is-vertically-aligned-center is-layout-flow wp-block-column-is-layout-flow\">\n<p><strong>3\u00e8me passerelle<\/strong><br\/><br\/>Avec notre passerelle Wifi, nous proposons une solution innovante pour int\u00e9grer de mani\u00e8re transparente des appareils tels que des vannes et des capteurs dans irrigation<strong>.cloud.<\/strong>\nEn connectant jusqu&rsquo;\u00e0 40 appareils sans fil dans le cloud, notre passerelle permet un contr\u00f4le et une surveillance efficaces et fiables de vos syst\u00e8mes d&rsquo;irrigation. <\/p>\n\n\n\n<p><a href=\"https:\/\/shop.irrigation.cloud\/Wifi-Outdoor-Gateway\/I-C-GW-EN-PS\">https:\/\/shop.irrigation.cloud\/Wifi-Outdoor-Gateway\/I-C-GW-EN-PS<\/a>.  <\/p>\n<\/div>\n<\/div>\n<\/div>\n\n\n\n<div class=\"wp-block-cb-slide\">\n<div class=\"wp-block-columns are-vertically-aligned-center is-layout-flex wp-container-core-columns-is-layout-28f84493 wp-block-columns-is-layout-flex\">\n<div class=\"wp-block-column is-vertically-aligned-center is-layout-flow wp-block-column-is-layout-flow\">\n<figure class=\"wp-block-image aligncenter size-full\"><img loading=\"lazy\" decoding=\"async\" width=\"500\" height=\"500\" src=\"https:\/\/www.intelligente-bewaesserung.de\/wp-content\/uploads\/universal-sensor-verb-i2.png\" alt=\"\" class=\"wp-image-137\" srcset=\"https:\/\/www.intelligente-bewaesserung.de\/wp-content\/uploads\/universal-sensor-verb-i2.png 500w, https:\/\/www.intelligente-bewaesserung.de\/wp-content\/uploads\/universal-sensor-verb-i2-300x300.png 300w, https:\/\/www.intelligente-bewaesserung.de\/wp-content\/uploads\/universal-sensor-verb-i2-150x150.png 150w\" sizes=\"auto, (max-width: 500px) 100vw, 500px\" \/><\/figure>\n<\/div>\n\n\n\n<div class=\"wp-block-column is-vertically-aligned-center is-layout-flow wp-block-column-is-layout-flow\">\n<p><strong>4. <\/strong><strong>Module de connexion de capteur universel<\/strong><\/p>\n\n\n\n<p>Notre module de communication sans fil universel pour le capteur irrigation<strong>.cloud<\/strong> offre une solution fiable pour la communication sans fil entre les capteurs et la passerelle centrale.  <\/p>\n\n\n\n<p><a href=\"https:\/\/shop.irrigation.cloud\/Universal-Sensor-Verbindungsmodul\/I-C-US-EN-PS\">https:\/\/shop.irrigation.cloud\/Universal-Sensor-Verbindungsmodul\/I-C-US-EN-PS<\/a><\/p>\n<\/div>\n<\/div>\n<\/div>\n\n\n\n<div class=\"wp-block-cb-slide\">\n<div class=\"wp-block-columns are-vertically-aligned-center is-layout-flex wp-container-core-columns-is-layout-28f84493 wp-block-columns-is-layout-flex\">\n<div class=\"wp-block-column is-vertically-aligned-center is-layout-flow wp-block-column-is-layout-flow\">\n<figure class=\"wp-block-image aligncenter size-full\"><img loading=\"lazy\" decoding=\"async\" width=\"500\" height=\"500\" src=\"https:\/\/www.intelligente-bewaesserung.de\/wp-content\/uploads\/sensor1-i2.png\" alt=\"\" class=\"wp-image-136\" srcset=\"https:\/\/www.intelligente-bewaesserung.de\/wp-content\/uploads\/sensor1-i2.png 500w, https:\/\/www.intelligente-bewaesserung.de\/wp-content\/uploads\/sensor1-i2-300x300.png 300w, https:\/\/www.intelligente-bewaesserung.de\/wp-content\/uploads\/sensor1-i2-150x150.png 150w\" sizes=\"auto, (max-width: 500px) 100vw, 500px\" \/><\/figure>\n<\/div>\n\n\n\n<div class=\"wp-block-column is-vertically-aligned-center is-layout-flow wp-block-column-is-layout-flow\">\n<p><strong>5. capteur d&rsquo;humidit\u00e9 et de temp\u00e9rature du sol<\/strong><\/p>\n\n\n\n<p>Notre sonde capacitive ext\u00e9rieure d&rsquo;humidit\u00e9 et de temp\u00e9rature du sol permet de surveiller avec pr\u00e9cision l&rsquo;humidit\u00e9 et la temp\u00e9rature du sol dans les zones ext\u00e9rieures.\nCette sonde doit \u00eatre connect\u00e9e \u00e0 notre module de communication universel pour s&rsquo;int\u00e9grer de mani\u00e8re transparente au syst\u00e8me d&rsquo;irrigation. <\/p>\n\n\n\n<p><a href=\"https:\/\/shop.irrigation.cloud\/Bodenfeuchtigkeits-und-Temperatursensor\/I-Z-HST-RS485-H-1\">https:\/\/shop.irrigation.cloud\/Bodenfeuchtigkeits-und-Temperatursensor\/I-Z-HST-RS485-H-1<\/a><\/p>\n<\/div>\n<\/div>\n<\/div>\n<\/div>\n\n<p class=\"has-text-align-center\"><strong>EXEMPLE DE CONCEPTION D&rsquo;UN SYST\u00c8ME D&rsquo;ARROSAGE INTELLIGENT POUR UN JARDIN PRIV\u00c9 AVEC PISCINE<\/strong><\/p>\n\n<figure class=\"wp-block-image size-large\"><img loading=\"lazy\" decoding=\"async\" width=\"1024\" height=\"658\" src=\"https:\/\/www.intelligente-bewaesserung.de\/wp-content\/uploads\/\/gartenplan-pool-z-1024x658.jpg\" alt=\"\" class=\"wp-image-267\" srcset=\"https:\/\/www.intelligente-bewaesserung.de\/wp-content\/uploads\/gartenplan-pool-z-1024x658.jpg 1024w, https:\/\/www.intelligente-bewaesserung.de\/wp-content\/uploads\/gartenplan-pool-z-300x193.jpg 300w, https:\/\/www.intelligente-bewaesserung.de\/wp-content\/uploads\/gartenplan-pool-z-768x493.jpg 768w, https:\/\/www.intelligente-bewaesserung.de\/wp-content\/uploads\/gartenplan-pool-z-1536x987.jpg 1536w, https:\/\/www.intelligente-bewaesserung.de\/wp-content\/uploads\/gartenplan-pool-z.jpg 2000w\" sizes=\"auto, (max-width: 1024px) 100vw, 1024px\" \/><\/figure>\n\n<p><strong>1<\/strong>: Install\u00e9e directement sur un mur ou dans un puits d&rsquo;irrigation, la <strong>Vbox<\/strong> est id\u00e9ale pour contr\u00f4ler jusqu&rsquo;\u00e0 8 lignes d&rsquo;irrigation pour la pelouse, les haies, les fleurs ou le potager.  <br\/><strong>2<\/strong>: La <strong>minuterie de tuyau<\/strong> se connecte directement \u00e0 un robinet et permet de contr\u00f4ler un seul circuit d&rsquo;arrosage.\nIl peut \u00eatre utilis\u00e9 pour l&rsquo;arrosage des haies, des fleurs et des potagers.   <br\/><strong>3<\/strong>: Une <strong>passerelle<\/strong> est n\u00e9cessaire pour connecter les capteurs.\nElle est g\u00e9n\u00e9ralement plac\u00e9e \u00e0 proximit\u00e9 du b\u00e2timent principal et permet la connexion entre les capteurs et la plateforme irrigation.cloud.\nDans certains cas, il est n\u00e9cessaire d&rsquo;installer plusieurs passerelles si la distance entre la passerelle centrale et les capteurs les plus \u00e9loign\u00e9s d\u00e9passe 120 m\u00e8tres.\nCela garantit une communication optimale.     <br\/><strong>4<\/strong>: Le <strong>module universel de capteurs<\/strong> peut \u00eatre install\u00e9 n&rsquo;importe o\u00f9 dans l&rsquo;installation gr\u00e2ce \u00e0 son fonctionnement sur batterie.\nIl est toujours coupl\u00e9 \u00e0 un capteur et permet de transmettre les donn\u00e9es \u00e0 la passerelle. <br\/><strong>5<\/strong>: Les <strong>capteurs<\/strong> sont coupl\u00e9s \u00e0 un module universel afin de pouvoir transmettre leurs donn\u00e9es \u00e0 la plateforme irrigation.cloud.\nIls peuvent \u00eatre int\u00e9gr\u00e9s partout o\u00f9 il est n\u00e9cessaire et utile de mesurer des donn\u00e9es de temp\u00e9rature, d&rsquo;humidit\u00e9, de pH ou de conductivit\u00e9. <\/p>\n","protected":false},"excerpt":{"rendered":"<p>\u00ab\u00a0D\u00e9couvrez la solution irrigation.cloud, parfaitement adapt\u00e9e aux besoins sp\u00e9cifiques de votre jardin. Que vous disposiez d&rsquo;une petite surface r\u00e9serv\u00e9e aux plantes ou d&rsquo;une surface plus grande avec une pelouse, des haies et un potager, nous avons d\u00e9j\u00e0 la solution id\u00e9ale pour vous. Gr\u00e2ce \u00e0 nos syst\u00e8mes de contr\u00f4le de l&rsquo;irrigation et \u00e0 nos capteurs avanc\u00e9s [&hellip;]<\/p>\n","protected":false},"author":1,"featured_media":0,"parent":0,"menu_order":1,"comment_status":"closed","ping_status":"closed","template":"page-gaerten","meta":{"footnotes":""},"class_list":["post-491","page","type-page","status-publish","hentry"],"yoast_head":"<!-- This site is optimized with the Yoast SEO plugin v23.4 - https:\/\/yoast.com\/wordpress\/plugins\/seo\/ -->\n<title>Jardins et parterres - Irrigation Cloud<\/title>\n<meta name=\"robots\" content=\"index, follow, max-snippet:-1, max-image-preview:large, max-video-preview:-1\" \/>\n<link rel=\"canonical\" href=\"https:\/\/www.intelligente-bewaesserung.de\/fr\/jardins-et-parterres\/\" \/>\n<meta property=\"og:locale\" content=\"fr_FR\" \/>\n<meta property=\"og:type\" content=\"article\" \/>\n<meta property=\"og:title\" content=\"Jardins et parterres - Irrigation Cloud\" \/>\n<meta property=\"og:description\" content=\"\u00ab\u00a0D\u00e9couvrez la solution irrigation.cloud, parfaitement adapt\u00e9e aux besoins sp\u00e9cifiques de votre jardin. Que vous disposiez d&rsquo;une petite surface r\u00e9serv\u00e9e aux plantes ou d&rsquo;une surface plus grande avec une pelouse, des haies et un potager, nous avons d\u00e9j\u00e0 la solution id\u00e9ale pour vous. Gr\u00e2ce \u00e0 nos syst\u00e8mes de contr\u00f4le de l&rsquo;irrigation et \u00e0 nos capteurs avanc\u00e9s [&hellip;]\" \/>\n<meta property=\"og:url\" content=\"https:\/\/www.intelligente-bewaesserung.de\/fr\/jardins-et-parterres\/\" \/>\n<meta property=\"og:site_name\" content=\"Irrigation Cloud\" \/>\n<meta property=\"article:publisher\" content=\"https:\/\/www.facebook.com\/irrigation.cloud\" \/>\n<meta property=\"article:modified_time\" content=\"2024-09-06T17:30:36+00:00\" \/>\n<meta property=\"og:image\" content=\"https:\/\/www.intelligente-bewaesserung.de\/wp-content\/uploads\/rasen-pikto.png\" \/>\n<meta name=\"twitter:card\" content=\"summary_large_image\" \/>\n<meta name=\"twitter:label1\" content=\"Dur\u00e9e de lecture estim\u00e9e\" \/>\n\t<meta name=\"twitter:data1\" content=\"3 minutes\" \/>\n<script type=\"application\/ld+json\" class=\"yoast-schema-graph\">{\"@context\":\"https:\/\/schema.org\",\"@graph\":[{\"@type\":\"WebPage\",\"@id\":\"https:\/\/www.intelligente-bewaesserung.de\/fr\/jardins-et-parterres\/\",\"url\":\"https:\/\/www.intelligente-bewaesserung.de\/fr\/jardins-et-parterres\/\",\"name\":\"Jardins et parterres - Irrigation Cloud\",\"isPartOf\":{\"@id\":\"https:\/\/www.intelligente-bewaesserung.de\/fr\/#website\"},\"primaryImageOfPage\":{\"@id\":\"https:\/\/www.intelligente-bewaesserung.de\/fr\/jardins-et-parterres\/#primaryimage\"},\"image\":{\"@id\":\"https:\/\/www.intelligente-bewaesserung.de\/fr\/jardins-et-parterres\/#primaryimage\"},\"thumbnailUrl\":\"https:\/\/www.intelligente-bewaesserung.de\/wp-content\/uploads\/rasen-pikto.png\",\"datePublished\":\"2024-08-16T15:13:32+00:00\",\"dateModified\":\"2024-09-06T17:30:36+00:00\",\"breadcrumb\":{\"@id\":\"https:\/\/www.intelligente-bewaesserung.de\/fr\/jardins-et-parterres\/#breadcrumb\"},\"inLanguage\":\"fr-FR\",\"potentialAction\":[{\"@type\":\"ReadAction\",\"target\":[\"https:\/\/www.intelligente-bewaesserung.de\/fr\/jardins-et-parterres\/\"]}]},{\"@type\":\"ImageObject\",\"inLanguage\":\"fr-FR\",\"@id\":\"https:\/\/www.intelligente-bewaesserung.de\/fr\/jardins-et-parterres\/#primaryimage\",\"url\":\"https:\/\/www.intelligente-bewaesserung.de\/wp-content\/uploads\/rasen-pikto.png\",\"contentUrl\":\"https:\/\/www.intelligente-bewaesserung.de\/wp-content\/uploads\/rasen-pikto.png\"},{\"@type\":\"BreadcrumbList\",\"@id\":\"https:\/\/www.intelligente-bewaesserung.de\/fr\/jardins-et-parterres\/#breadcrumb\",\"itemListElement\":[{\"@type\":\"ListItem\",\"position\":1,\"name\":\"Startseite\",\"item\":\"https:\/\/www.intelligente-bewaesserung.de\/fr\/\"},{\"@type\":\"ListItem\",\"position\":2,\"name\":\"Jardins et parterres\"}]},{\"@type\":\"WebSite\",\"@id\":\"https:\/\/www.intelligente-bewaesserung.de\/fr\/#website\",\"url\":\"https:\/\/www.intelligente-bewaesserung.de\/fr\/\",\"name\":\"Irrigation Cloud\",\"description\":\"Intelligente Bew\u00e4sserung\",\"publisher\":{\"@id\":\"https:\/\/www.intelligente-bewaesserung.de\/fr\/#organization\"},\"potentialAction\":[{\"@type\":\"SearchAction\",\"target\":{\"@type\":\"EntryPoint\",\"urlTemplate\":\"https:\/\/www.intelligente-bewaesserung.de\/fr\/?s={search_term_string}\"},\"query-input\":{\"@type\":\"PropertyValueSpecification\",\"valueRequired\":true,\"valueName\":\"search_term_string\"}}],\"inLanguage\":\"fr-FR\"},{\"@type\":\"Organization\",\"@id\":\"https:\/\/www.intelligente-bewaesserung.de\/fr\/#organization\",\"name\":\"Fluid Systems & Automation GmbH\",\"url\":\"https:\/\/www.intelligente-bewaesserung.de\/fr\/\",\"logo\":{\"@type\":\"ImageObject\",\"inLanguage\":\"fr-FR\",\"@id\":\"https:\/\/www.intelligente-bewaesserung.de\/fr\/#\/schema\/logo\/image\/\",\"url\":\"https:\/\/www.intelligente-bewaesserung.de\/wp-content\/uploads\/logo.png\",\"contentUrl\":\"https:\/\/www.intelligente-bewaesserung.de\/wp-content\/uploads\/logo.png\",\"width\":255,\"height\":411,\"caption\":\"Fluid Systems & Automation GmbH\"},\"image\":{\"@id\":\"https:\/\/www.intelligente-bewaesserung.de\/fr\/#\/schema\/logo\/image\/\"},\"sameAs\":[\"https:\/\/www.facebook.com\/irrigation.cloud\",\"https:\/\/www.instagram.com\/irrigation.cloud\/\"]}]}<\/script>\n<!-- \/ Yoast SEO plugin. -->","yoast_head_json":{"title":"Jardins et parterres - Irrigation Cloud","robots":{"index":"index","follow":"follow","max-snippet":"max-snippet:-1","max-image-preview":"max-image-preview:large","max-video-preview":"max-video-preview:-1"},"canonical":"https:\/\/www.intelligente-bewaesserung.de\/fr\/jardins-et-parterres\/","og_locale":"fr_FR","og_type":"article","og_title":"Jardins et parterres - Irrigation Cloud","og_description":"\u00ab\u00a0D\u00e9couvrez la solution irrigation.cloud, parfaitement adapt\u00e9e aux besoins sp\u00e9cifiques de votre jardin. Que vous disposiez d&rsquo;une petite surface r\u00e9serv\u00e9e aux plantes ou d&rsquo;une surface plus grande avec une pelouse, des haies et un potager, nous avons d\u00e9j\u00e0 la solution id\u00e9ale pour vous. Gr\u00e2ce \u00e0 nos syst\u00e8mes de contr\u00f4le de l&rsquo;irrigation et \u00e0 nos capteurs avanc\u00e9s [&hellip;]","og_url":"https:\/\/www.intelligente-bewaesserung.de\/fr\/jardins-et-parterres\/","og_site_name":"Irrigation Cloud","article_publisher":"https:\/\/www.facebook.com\/irrigation.cloud","article_modified_time":"2024-09-06T17:30:36+00:00","og_image":[{"url":"https:\/\/www.intelligente-bewaesserung.de\/wp-content\/uploads\/rasen-pikto.png"}],"twitter_card":"summary_large_image","twitter_misc":{"Dur\u00e9e de lecture estim\u00e9e":"3 minutes"},"schema":{"@context":"https:\/\/schema.org","@graph":[{"@type":"WebPage","@id":"https:\/\/www.intelligente-bewaesserung.de\/fr\/jardins-et-parterres\/","url":"https:\/\/www.intelligente-bewaesserung.de\/fr\/jardins-et-parterres\/","name":"Jardins et parterres - Irrigation Cloud","isPartOf":{"@id":"https:\/\/www.intelligente-bewaesserung.de\/fr\/#website"},"primaryImageOfPage":{"@id":"https:\/\/www.intelligente-bewaesserung.de\/fr\/jardins-et-parterres\/#primaryimage"},"image":{"@id":"https:\/\/www.intelligente-bewaesserung.de\/fr\/jardins-et-parterres\/#primaryimage"},"thumbnailUrl":"https:\/\/www.intelligente-bewaesserung.de\/wp-content\/uploads\/rasen-pikto.png","datePublished":"2024-08-16T15:13:32+00:00","dateModified":"2024-09-06T17:30:36+00:00","breadcrumb":{"@id":"https:\/\/www.intelligente-bewaesserung.de\/fr\/jardins-et-parterres\/#breadcrumb"},"inLanguage":"fr-FR","potentialAction":[{"@type":"ReadAction","target":["https:\/\/www.intelligente-bewaesserung.de\/fr\/jardins-et-parterres\/"]}]},{"@type":"ImageObject","inLanguage":"fr-FR","@id":"https:\/\/www.intelligente-bewaesserung.de\/fr\/jardins-et-parterres\/#primaryimage","url":"https:\/\/www.intelligente-bewaesserung.de\/wp-content\/uploads\/rasen-pikto.png","contentUrl":"https:\/\/www.intelligente-bewaesserung.de\/wp-content\/uploads\/rasen-pikto.png"},{"@type":"BreadcrumbList","@id":"https:\/\/www.intelligente-bewaesserung.de\/fr\/jardins-et-parterres\/#breadcrumb","itemListElement":[{"@type":"ListItem","position":1,"name":"Startseite","item":"https:\/\/www.intelligente-bewaesserung.de\/fr\/"},{"@type":"ListItem","position":2,"name":"Jardins et parterres"}]},{"@type":"WebSite","@id":"https:\/\/www.intelligente-bewaesserung.de\/fr\/#website","url":"https:\/\/www.intelligente-bewaesserung.de\/fr\/","name":"Irrigation Cloud","description":"Intelligente Bew\u00e4sserung","publisher":{"@id":"https:\/\/www.intelligente-bewaesserung.de\/fr\/#organization"},"potentialAction":[{"@type":"SearchAction","target":{"@type":"EntryPoint","urlTemplate":"https:\/\/www.intelligente-bewaesserung.de\/fr\/?s={search_term_string}"},"query-input":{"@type":"PropertyValueSpecification","valueRequired":true,"valueName":"search_term_string"}}],"inLanguage":"fr-FR"},{"@type":"Organization","@id":"https:\/\/www.intelligente-bewaesserung.de\/fr\/#organization","name":"Fluid Systems & Automation GmbH","url":"https:\/\/www.intelligente-bewaesserung.de\/fr\/","logo":{"@type":"ImageObject","inLanguage":"fr-FR","@id":"https:\/\/www.intelligente-bewaesserung.de\/fr\/#\/schema\/logo\/image\/","url":"https:\/\/www.intelligente-bewaesserung.de\/wp-content\/uploads\/logo.png","contentUrl":"https:\/\/www.intelligente-bewaesserung.de\/wp-content\/uploads\/logo.png","width":255,"height":411,"caption":"Fluid Systems & Automation GmbH"},"image":{"@id":"https:\/\/www.intelligente-bewaesserung.de\/fr\/#\/schema\/logo\/image\/"},"sameAs":["https:\/\/www.facebook.com\/irrigation.cloud","https:\/\/www.instagram.com\/irrigation.cloud\/"]}]}},"_links":{"self":[{"href":"https:\/\/www.intelligente-bewaesserung.de\/fr\/wp-json\/wp\/v2\/pages\/491","targetHints":{"allow":["GET"]}}],"collection":[{"href":"https:\/\/www.intelligente-bewaesserung.de\/fr\/wp-json\/wp\/v2\/pages"}],"about":[{"href":"https:\/\/www.intelligente-bewaesserung.de\/fr\/wp-json\/wp\/v2\/types\/page"}],"author":[{"embeddable":true,"href":"https:\/\/www.intelligente-bewaesserung.de\/fr\/wp-json\/wp\/v2\/users\/1"}],"replies":[{"embeddable":true,"href":"https:\/\/www.intelligente-bewaesserung.de\/fr\/wp-json\/wp\/v2\/comments?post=491"}],"version-history":[{"count":3,"href":"https:\/\/www.intelligente-bewaesserung.de\/fr\/wp-json\/wp\/v2\/pages\/491\/revisions"}],"predecessor-version":[{"id":547,"href":"https:\/\/www.intelligente-bewaesserung.de\/fr\/wp-json\/wp\/v2\/pages\/491\/revisions\/547"}],"wp:attachment":[{"href":"https:\/\/www.intelligente-bewaesserung.de\/fr\/wp-json\/wp\/v2\/media?parent=491"}],"curies":[{"name":"wp","href":"https:\/\/api.w.org\/{rel}","templated":true}]}}