{"id":498,"date":"2024-08-16T17:11:32","date_gmt":"2024-08-16T15:11:32","guid":{"rendered":"https:\/\/www.intelligente-bewaesserung.de\/mentions-legales\/"},"modified":"2026-03-13T11:26:33","modified_gmt":"2026-03-13T10:26:33","slug":"mentions-legales","status":"publish","type":"page","link":"https:\/\/www.intelligente-bewaesserung.de\/fr\/mentions-legales\/","title":{"rendered":"Mentions l\u00e9gales"},"content":{"rendered":"\n<p class=\"has-large-font-size\">irrigation.cloud by Fluid Systems &amp; Automation GmbH<\/p>\n\n<figure class=\"wp-block-table is-style-stripes\" style=\"text-transform:uppercase\"><table class=\"has-fixed-layout\"><tbody><tr><td><strong>Repr\u00e9sentant D. <\/strong><\/td><td>Matthias Kr\u00fcgel<\/td><\/tr><tr><td><strong>Adresse<\/strong><\/td><td>Von-Drais-Str. 35<br\/>77855 Achern<br\/>Allemagne <\/td><\/tr><tr><td><strong>T\u00e9l\u00e9phone<\/strong><\/td><td>+49 (0) 7841 6307506<\/td><\/tr><tr><td><strong>E-mail<\/strong><\/td><td><a href=\"mailto:info@irrigation.cloud\">info@irrigation.cloud<\/a> \/ <a href=\"mailto:info@intelligente-bewaesserung.de\">info@intelligente-bewaesserung.de<\/a><\/td><\/tr><tr><td><strong>Num\u00e9ro de TVA<\/strong><\/td><td>FR301531073<\/td><\/tr><tr><td><strong>HRB<\/strong><\/td><td>HRB722525<\/td><\/tr><tr><td><strong>Tribunal comp\u00e9tent<\/strong><\/td><td>Tribunal d&rsquo;instance de Mannheim<\/td><\/tr><tr><td><strong>Lieu d&rsquo;ex\u00e9cution<\/strong><\/td><td>Sasbach<\/td><\/tr><\/tbody><\/table><\/figure>\n\n<div style=\"height:30px\" aria-hidden=\"true\" class=\"wp-block-spacer\"><\/div>\n","protected":false},"excerpt":{"rendered":"<p>irrigation.cloud by Fluid Systems &amp; Automation GmbH Repr\u00e9sentant D. Matthias Kr\u00fcgel Adresse Von-Drais-Str. 3577855 AchernAllemagne T\u00e9l\u00e9phone +49 (0) 7841 6307506 E-mail info@irrigation.cloud \/ info@intelligente-bewaesserung.de Num\u00e9ro de TVA FR301531073 HRB HRB722525 Tribunal comp\u00e9tent Tribunal d&rsquo;instance de Mannheim Lieu d&rsquo;ex\u00e9cution Sasbach<\/p>\n","protected":false},"author":1,"featured_media":0,"parent":0,"menu_order":10,"comment_status":"closed","ping_status":"closed","template":"","meta":{"footnotes":""},"class_list":["post-498","page","type-page","status-publish","hentry"],"yoast_head":"<!-- This site is optimized with the Yoast SEO plugin v23.4 - https:\/\/yoast.com\/wordpress\/plugins\/seo\/ -->\n<title>Mentions l\u00e9gales - Irrigation Cloud<\/title>\n<meta name=\"robots\" content=\"index, follow, max-snippet:-1, max-image-preview:large, max-video-preview:-1\" \/>\n<link rel=\"canonical\" href=\"https:\/\/www.intelligente-bewaesserung.de\/fr\/mentions-legales\/\" \/>\n<meta property=\"og:locale\" content=\"fr_FR\" \/>\n<meta property=\"og:type\" content=\"article\" \/>\n<meta property=\"og:title\" content=\"Mentions l\u00e9gales - Irrigation Cloud\" \/>\n<meta property=\"og:description\" content=\"irrigation.cloud by Fluid Systems &amp; Automation GmbH Repr\u00e9sentant D. Matthias Kr\u00fcgel Adresse Von-Drais-Str. 3577855 AchernAllemagne T\u00e9l\u00e9phone +49 (0) 7841 6307506 E-mail info@irrigation.cloud \/ info@intelligente-bewaesserung.de Num\u00e9ro de TVA FR301531073 HRB HRB722525 Tribunal comp\u00e9tent Tribunal d&rsquo;instance de Mannheim Lieu d&rsquo;ex\u00e9cution Sasbach\" \/>\n<meta property=\"og:url\" content=\"https:\/\/www.intelligente-bewaesserung.de\/fr\/mentions-legales\/\" \/>\n<meta property=\"og:site_name\" content=\"Irrigation Cloud\" \/>\n<meta property=\"article:publisher\" content=\"https:\/\/www.facebook.com\/irrigation.cloud\" \/>\n<meta property=\"article:modified_time\" content=\"2026-03-13T10:26:33+00:00\" \/>\n<meta name=\"twitter:card\" content=\"summary_large_image\" \/>\n<script type=\"application\/ld+json\" class=\"yoast-schema-graph\">{\"@context\":\"https:\/\/schema.org\",\"@graph\":[{\"@type\":\"WebPage\",\"@id\":\"https:\/\/www.intelligente-bewaesserung.de\/fr\/mentions-legales\/\",\"url\":\"https:\/\/www.intelligente-bewaesserung.de\/fr\/mentions-legales\/\",\"name\":\"Mentions l\u00e9gales - Irrigation Cloud\",\"isPartOf\":{\"@id\":\"https:\/\/www.intelligente-bewaesserung.de\/fr\/#website\"},\"datePublished\":\"2024-08-16T15:11:32+00:00\",\"dateModified\":\"2026-03-13T10:26:33+00:00\",\"breadcrumb\":{\"@id\":\"https:\/\/www.intelligente-bewaesserung.de\/fr\/mentions-legales\/#breadcrumb\"},\"inLanguage\":\"fr-FR\",\"potentialAction\":[{\"@type\":\"ReadAction\",\"target\":[\"https:\/\/www.intelligente-bewaesserung.de\/fr\/mentions-legales\/\"]}]},{\"@type\":\"BreadcrumbList\",\"@id\":\"https:\/\/www.intelligente-bewaesserung.de\/fr\/mentions-legales\/#breadcrumb\",\"itemListElement\":[{\"@type\":\"ListItem\",\"position\":1,\"name\":\"Startseite\",\"item\":\"https:\/\/www.intelligente-bewaesserung.de\/fr\/\"},{\"@type\":\"ListItem\",\"position\":2,\"name\":\"Mentions l\u00e9gales\"}]},{\"@type\":\"WebSite\",\"@id\":\"https:\/\/www.intelligente-bewaesserung.de\/fr\/#website\",\"url\":\"https:\/\/www.intelligente-bewaesserung.de\/fr\/\",\"name\":\"Irrigation Cloud\",\"description\":\"Intelligente Bew\u00e4sserung\",\"publisher\":{\"@id\":\"https:\/\/www.intelligente-bewaesserung.de\/fr\/#organization\"},\"potentialAction\":[{\"@type\":\"SearchAction\",\"target\":{\"@type\":\"EntryPoint\",\"urlTemplate\":\"https:\/\/www.intelligente-bewaesserung.de\/fr\/?s={search_term_string}\"},\"query-input\":{\"@type\":\"PropertyValueSpecification\",\"valueRequired\":true,\"valueName\":\"search_term_string\"}}],\"inLanguage\":\"fr-FR\"},{\"@type\":\"Organization\",\"@id\":\"https:\/\/www.intelligente-bewaesserung.de\/fr\/#organization\",\"name\":\"Fluid Systems & Automation GmbH\",\"url\":\"https:\/\/www.intelligente-bewaesserung.de\/fr\/\",\"logo\":{\"@type\":\"ImageObject\",\"inLanguage\":\"fr-FR\",\"@id\":\"https:\/\/www.intelligente-bewaesserung.de\/fr\/#\/schema\/logo\/image\/\",\"url\":\"https:\/\/www.intelligente-bewaesserung.de\/wp-content\/uploads\/logo.png\",\"contentUrl\":\"https:\/\/www.intelligente-bewaesserung.de\/wp-content\/uploads\/logo.png\",\"width\":255,\"height\":411,\"caption\":\"Fluid Systems & Automation GmbH\"},\"image\":{\"@id\":\"https:\/\/www.intelligente-bewaesserung.de\/fr\/#\/schema\/logo\/image\/\"},\"sameAs\":[\"https:\/\/www.facebook.com\/irrigation.cloud\",\"https:\/\/www.instagram.com\/irrigation.cloud\/\"]}]}<\/script>\n<!-- \/ Yoast SEO plugin. -->","yoast_head_json":{"title":"Mentions l\u00e9gales - Irrigation Cloud","robots":{"index":"index","follow":"follow","max-snippet":"max-snippet:-1","max-image-preview":"max-image-preview:large","max-video-preview":"max-video-preview:-1"},"canonical":"https:\/\/www.intelligente-bewaesserung.de\/fr\/mentions-legales\/","og_locale":"fr_FR","og_type":"article","og_title":"Mentions l\u00e9gales - Irrigation Cloud","og_description":"irrigation.cloud by Fluid Systems &amp; Automation GmbH Repr\u00e9sentant D. Matthias Kr\u00fcgel Adresse Von-Drais-Str. 3577855 AchernAllemagne T\u00e9l\u00e9phone +49 (0) 7841 6307506 E-mail info@irrigation.cloud \/ info@intelligente-bewaesserung.de Num\u00e9ro de TVA FR301531073 HRB HRB722525 Tribunal comp\u00e9tent Tribunal d&rsquo;instance de Mannheim Lieu d&rsquo;ex\u00e9cution Sasbach","og_url":"https:\/\/www.intelligente-bewaesserung.de\/fr\/mentions-legales\/","og_site_name":"Irrigation Cloud","article_publisher":"https:\/\/www.facebook.com\/irrigation.cloud","article_modified_time":"2026-03-13T10:26:33+00:00","twitter_card":"summary_large_image","schema":{"@context":"https:\/\/schema.org","@graph":[{"@type":"WebPage","@id":"https:\/\/www.intelligente-bewaesserung.de\/fr\/mentions-legales\/","url":"https:\/\/www.intelligente-bewaesserung.de\/fr\/mentions-legales\/","name":"Mentions l\u00e9gales - Irrigation Cloud","isPartOf":{"@id":"https:\/\/www.intelligente-bewaesserung.de\/fr\/#website"},"datePublished":"2024-08-16T15:11:32+00:00","dateModified":"2026-03-13T10:26:33+00:00","breadcrumb":{"@id":"https:\/\/www.intelligente-bewaesserung.de\/fr\/mentions-legales\/#breadcrumb"},"inLanguage":"fr-FR","potentialAction":[{"@type":"ReadAction","target":["https:\/\/www.intelligente-bewaesserung.de\/fr\/mentions-legales\/"]}]},{"@type":"BreadcrumbList","@id":"https:\/\/www.intelligente-bewaesserung.de\/fr\/mentions-legales\/#breadcrumb","itemListElement":[{"@type":"ListItem","position":1,"name":"Startseite","item":"https:\/\/www.intelligente-bewaesserung.de\/fr\/"},{"@type":"ListItem","position":2,"name":"Mentions l\u00e9gales"}]},{"@type":"WebSite","@id":"https:\/\/www.intelligente-bewaesserung.de\/fr\/#website","url":"https:\/\/www.intelligente-bewaesserung.de\/fr\/","name":"Irrigation Cloud","description":"Intelligente Bew\u00e4sserung","publisher":{"@id":"https:\/\/www.intelligente-bewaesserung.de\/fr\/#organization"},"potentialAction":[{"@type":"SearchAction","target":{"@type":"EntryPoint","urlTemplate":"https:\/\/www.intelligente-bewaesserung.de\/fr\/?s={search_term_string}"},"query-input":{"@type":"PropertyValueSpecification","valueRequired":true,"valueName":"search_term_string"}}],"inLanguage":"fr-FR"},{"@type":"Organization","@id":"https:\/\/www.intelligente-bewaesserung.de\/fr\/#organization","name":"Fluid Systems & Automation GmbH","url":"https:\/\/www.intelligente-bewaesserung.de\/fr\/","logo":{"@type":"ImageObject","inLanguage":"fr-FR","@id":"https:\/\/www.intelligente-bewaesserung.de\/fr\/#\/schema\/logo\/image\/","url":"https:\/\/www.intelligente-bewaesserung.de\/wp-content\/uploads\/logo.png","contentUrl":"https:\/\/www.intelligente-bewaesserung.de\/wp-content\/uploads\/logo.png","width":255,"height":411,"caption":"Fluid Systems & Automation GmbH"},"image":{"@id":"https:\/\/www.intelligente-bewaesserung.de\/fr\/#\/schema\/logo\/image\/"},"sameAs":["https:\/\/www.facebook.com\/irrigation.cloud","https:\/\/www.instagram.com\/irrigation.cloud\/"]}]}},"_links":{"self":[{"href":"https:\/\/www.intelligente-bewaesserung.de\/fr\/wp-json\/wp\/v2\/pages\/498","targetHints":{"allow":["GET"]}}],"collection":[{"href":"https:\/\/www.intelligente-bewaesserung.de\/fr\/wp-json\/wp\/v2\/pages"}],"about":[{"href":"https:\/\/www.intelligente-bewaesserung.de\/fr\/wp-json\/wp\/v2\/types\/page"}],"author":[{"embeddable":true,"href":"https:\/\/www.intelligente-bewaesserung.de\/fr\/wp-json\/wp\/v2\/users\/1"}],"replies":[{"embeddable":true,"href":"https:\/\/www.intelligente-bewaesserung.de\/fr\/wp-json\/wp\/v2\/comments?post=498"}],"version-history":[{"count":2,"href":"https:\/\/www.intelligente-bewaesserung.de\/fr\/wp-json\/wp\/v2\/pages\/498\/revisions"}],"predecessor-version":[{"id":674,"href":"https:\/\/www.intelligente-bewaesserung.de\/fr\/wp-json\/wp\/v2\/pages\/498\/revisions\/674"}],"wp:attachment":[{"href":"https:\/\/www.intelligente-bewaesserung.de\/fr\/wp-json\/wp\/v2\/media?parent=498"}],"curies":[{"name":"wp","href":"https:\/\/api.w.org\/{rel}","templated":true}]}}